{"id":40,"date":"2016-03-07T15:23:44","date_gmt":"2016-03-07T15:23:44","guid":{"rendered":"http:\/\/qt.dev\/dev\/thecleaner\/?page_id=40"},"modified":"2023-03-01T06:10:39","modified_gmt":"2023-03-01T06:10:39","slug":"home","status":"publish","type":"page","link":"http:\/\/moonmore.com.tr\/","title":{"rendered":"Home"},"content":{"rendered":"<section class=\"wpb-content-wrapper\"><p>[vc_row full_width=&#8221;stretch_row_content_no_spaces&#8221; css_animation=&#8221;slideInUp&#8221;][vc_column][qt_slider slider_mouse_drag=&#8221;true&#8221; slider_animation=&#8221;horizontal&#8221; slider_autoplay=&#8221;true&#8221; slider_autoplay_hover=&#8221;true&#8221; slider_caption_animation=&#8221;true&#8221; slider_fixed_height=&#8221;&#8221; slider_caption_mobile=&#8221;&#8221; slider_featured_carousel=&#8221;hide&#8221; slider_captions=&#8221;yes&#8221; slider_overlay=&#8221;no&#8221; slider_img_size=&#8221;medium&#8221; css=&#8221;.vc_custom_1673955007454{background-image: url(http:\/\/moonmore.com.tr\/wp-content\/uploads\/2023\/01\/YUMUSATICI-scaled.jpg?id=13170) !important;}&#8221;][qt_slider_slide slide_button=&#8221;no&#8221; slide_caption_align=&#8221;left&#8221; slide_heading_tag=&#8221;h2&#8243; slide_image=&#8221;13174&#8243;][\/qt_slider_slide][qt_slider_slide slide_button=&#8221;no&#8221; slide_caption_align=&#8221;left&#8221; slide_heading_tag=&#8221;h2&#8243; slide_image=&#8221;13170&#8243;][\/qt_slider_slide][\/qt_slider][\/vc_column][\/vc_row][vc_row css_animation=&#8221;none&#8221; type=&#8221;container&#8221; padding_top=&#8221;&#8221; padding_bottom=&#8221;&#8221; css=&#8221;.vc_custom_1551797770065{margin-bottom: 35px !important;padding-top: 60px !important;}&#8221;][vc_column css_animation=&#8221;slideInLeft&#8221; width=&#8221;1\/4&#8243; css=&#8221;.vc_custom_1674631811454{padding-top: 0px !important;}&#8221;][qt_animate_element css_animation=&#8221;bottom-to-top&#8221; animation_delay=&#8221;delay-100&#8243; animation_duration=&#8221;&#8221;][qt_iconbox iconbox_icon_symbol=&#8221;font-icon&#8221; iconbox_icon_position=&#8221;icon-left icon-float icon-v-center&#8221; iconbox_layout=&#8221;style-1&#8243; iconbox_remove_hover_effects=&#8221;true&#8221; iconbox_enable_border_style=&#8221;true&#8221; iconbox_enable_hover_effect=&#8221;true&#8221; iconbox_heading=&#8221;Send a Message&#8221; iconbox_icon=&#8221;ti-email&#8221; iconbox_heading_margin_bottom=&#8221;10&#8243;]It is our pleasure for you to contact us and learn about the products.[\/qt_iconbox][\/qt_animate_element][\/vc_column][vc_column css_animation=&#8221;slideInLeft&#8221; width=&#8221;1\/4&#8243; css=&#8221;.vc_custom_1674631819469{padding-top: 0px !important;}&#8221;][qt_animate_element css_animation=&#8221;bottom-to-top&#8221; animation_delay=&#8221;delay-200&#8243; animation_duration=&#8221;&#8221;][qt_iconbox iconbox_icon_symbol=&#8221;font-icon&#8221; iconbox_icon_position=&#8221;icon-left icon-float icon-v-center&#8221; iconbox_layout=&#8221;style-1&#8243; iconbox_remove_hover_effects=&#8221;true&#8221; iconbox_add_link=&#8221;true&#8221; iconbox_enable_border_style=&#8221;true&#8221; iconbox_enable_hover_effect=&#8221;true&#8221; iconbox_heading=&#8221;Catalouge&#8221; iconbox_icon=&#8221;ti-clip&#8221; iconbox_heading_margin_bottom=&#8221;10&#8243; message=&#8221;&#8221; iconbox_link=&#8221;url:http%3A%2F%2Fmoonmore.com.tr%2Fwp-content%2Fuploads%2F2023%2F01%2FRG-KATALOG-11092020-1.pdf|title:catalouge|target:_blank&#8221;]Discover our new products from current Catalogue.[\/qt_iconbox][\/qt_animate_element][\/vc_column][vc_column width=&#8221;1\/4&#8243; css=&#8221;.vc_custom_1537363371960{padding-top: 0px !important;}&#8221;][qt_animate_element css_animation=&#8221;slideInRight&#8221; animation_delay=&#8221;delay-300&#8243; animation_duration=&#8221;&#8221;][qt_iconbox iconbox_icon_symbol=&#8221;font-icon&#8221; iconbox_icon_position=&#8221;icon-left icon-float icon-v-center&#8221; iconbox_layout=&#8221;style-1&#8243; iconbox_remove_hover_effects=&#8221;true&#8221; iconbox_enable_border_style=&#8221;true&#8221; iconbox_enable_hover_effect=&#8221;true&#8221; iconbox_heading=&#8221;Doing our Work&#8221; iconbox_icon=&#8221;fas fa-check-square&#8221; iconbox_heading_margin_bottom=&#8221;10&#8243;]We meet the satisfaction of our customer. Better services quality.[\/qt_iconbox][\/qt_animate_element][\/vc_column][vc_column css_animation=&#8221;zoomInRight&#8221; width=&#8221;1\/4&#8243; css=&#8221;.vc_custom_1674631857870{padding-top: 0px !important;}&#8221;][qt_animate_element css_animation=&#8221;bottom-to-top&#8221; animation_delay=&#8221;delay-400&#8243; animation_duration=&#8221;&#8221;][qt_iconbox iconbox_icon_symbol=&#8221;font-icon&#8221; iconbox_icon_position=&#8221;icon-left icon-float icon-v-center&#8221; iconbox_layout=&#8221;style-1&#8243; iconbox_remove_hover_effects=&#8221;true&#8221; iconbox_enable_border_style=&#8221;true&#8221; iconbox_enable_hover_effect=&#8221;true&#8221; iconbox_heading=&#8221;Finish the Job&#8221; iconbox_icon=&#8221;fas fa-handshake&#8221; iconbox_heading_margin_bottom=&#8221;10&#8243;]Certificate \u201cthat help us to make the customer trust us\u201d.[\/qt_iconbox][\/qt_animate_element][\/vc_column][\/vc_row][vc_row full_width=&#8221;stretch_row&#8221; css_animation=&#8221;fadeInDown&#8221; css=&#8221;.vc_custom_1674631928635{margin-bottom: 40px !important;padding-top: 35px !important;padding-bottom: 52px !important;background: #f5f7fb url(http:\/\/moonmore.com.tr\/wp-content\/uploads\/2018\/07\/world_dots.png?id=11474) !important;}&#8221;][vc_column][qt_custom_heading heading_tag=&#8221;h2&#8243; heading_alignment=&#8221;text-center&#8221; heading_top=&#8221;A Small Selection&#8221; heading_main=&#8221;Our Products&#8221; css=&#8221;.vc_custom_1674553824068{margin-bottom: 15px !important;}&#8221;][qt_content_carousel columns=&#8221;3&#8243; columns_tablet=&#8221;2&#8243; columns_mobile=&#8221;1&#8243; arrows=&#8221;arrows-default&#8221; arrows_color=&#8221;arrows-darker&#8221; slideby=&#8221;3&#8243; infinite=&#8221;true&#8221; css=&#8221;.vc_custom_1674557034329{margin-bottom: 10px !important;}&#8221;][qt_featured_page page=&#8221;804&#8243; boxed_layout=&#8221;true&#8221; hide_image=&#8221;&#8221; hide_excerpt=&#8221;true&#8221; excerpt_length=&#8221;0&#8243; btn_text=&#8221;View Products&#8221;][qt_featured_page page=&#8221;798&#8243; boxed_layout=&#8221;true&#8221; hide_image=&#8221;&#8221; hide_excerpt=&#8221;true&#8221; excerpt_length=&#8221;85&#8243; btn_text=&#8221;View Products&#8221;][qt_featured_page page=&#8221;796&#8243; boxed_layout=&#8221;true&#8221; hide_image=&#8221;&#8221; hide_excerpt=&#8221;true&#8221; excerpt_length=&#8221;85&#8243; btn_text=&#8221;View Products&#8221; css=&#8221;.vc_custom_1674660029100{background-image: url(http:\/\/moonmore.com.tr\/wp-content\/uploads\/2023\/01\/WhatsApp-Image-2023-01-25-at-17.41.45-1.jpeg?id=13468) !important;}&#8221;][qt_featured_page page=&#8221;800&#8243; boxed_layout=&#8221;true&#8221; hide_image=&#8221;&#8221; hide_excerpt=&#8221;true&#8221; excerpt_length=&#8221;80&#8243; btn_text=&#8221;View Products&#8221;][\/qt_content_carousel][qt_button button_style=&#8221;primary-color&#8221; button_align=&#8221;align-center&#8221; button_link=&#8221;url:https%3A%2F%2Fthekleaner.qreativethemes.com%2Fdemo-2%2Fservices%2F|title:Services||&#8221; button_text=&#8221;See all Products&#8221; css=&#8221;.vc_custom_1674554112216{margin-top: 20px !important;margin-bottom: 20px !important;}&#8221;][\/vc_column][\/vc_row][vc_row css_animation=&#8221;slideInRight&#8221; css=&#8221;.vc_custom_1674631967377{margin-bottom: 50px !important;}&#8221;][vc_column css_animation=&#8221;slideInLeft&#8221; width=&#8221;1\/2&#8243;][qt_custom_heading heading_tag=&#8221;h2&#8243; heading_alignment=&#8221;text-left&#8221; heading_main=&#8221;About our Company&#8221; css=&#8221;.vc_custom_1674554144470{margin-bottom: 15px !important;}&#8221; heading_top=&#8221;We&#8217;re Producers&#8221;][vc_column_text css=&#8221;.vc_custom_1674570650341{margin-bottom: 30px !important;}&#8221;]<\/p>\n<div class=\"elementor-element elementor-element-62af93b animated fadeInUp elementor-widget elementor-widget-themedraft_text_with_title\" data-id=\"62af93b\" data-element_type=\"widget\" data-widget_type=\"themedraft_text_with_title.default\">\n<div class=\"elementor-widget-container\">\n<div class=\"td-text-with-title-wrapper\">\n<div class=\"title wow fadeInUp\" data-wow-duration=\"1.25s\">\n<h2><span style=\"font-size: 18pt;\">We offer the best product solutions. 48+ years of experience with global Markets.<\/span><\/h2>\n<hr \/>\n<\/div>\n<\/div>\n<\/div>\n<\/div>\n<div class=\"elementor-element elementor-element-7d1d0f2f elementor-widget elementor-widget-themedraft_count_up_two\" data-id=\"7d1d0f2f\" data-element_type=\"widget\" data-widget_type=\"themedraft_count_up_two.default\">\n<div class=\"elementor-widget-container\">\n<div class=\"td-counter-box-two-wrapper td-counter-box-49119\">\n<div class=\"row\">\n<div class=\"count-two-col col-xl-6 col-lg-3 col-md-4 col-6\">\n<div class=\"td-single-counter-box-two td-transition wow fadeInUp\" data-wow-duration=\"1.25s\">\n<div class=\"td-number-unit\">\n<h5 class=\"td-count-number td-transition\">97 + Countries<\/h5>\n<\/div>\n<\/div>\n<\/div>\n<div class=\"count-two-col col-xl-6 col-lg-3 col-md-4 col-6\">\n<div class=\"td-single-counter-box-two td-transition wow fadeInUp\" data-wow-duration=\"1.25s\">\n<div class=\"td-number-unit\">\n<h5 class=\"td-count-number td-transition\">450 + Product<\/h5>\n<\/div>\n<\/div>\n<\/div>\n<\/div>\n<\/div>\n<\/div>\n<\/div>\n<div class=\"elementor-element elementor-element-568c88ba animated fadeInUp elementor-widget elementor-widget-themedraft_text_with_title\" data-id=\"568c88ba\" data-element_type=\"widget\" data-widget_type=\"themedraft_text_with_title.default\">\n<div class=\"elementor-widget-container\">\n<div class=\"td-text-with-title-wrapper\">\n<div class=\"description-text wow fadeInUp\" data-wow-duration=\"1.25s\">\n<p>&nbsp;<\/p>\n<p>Furthermore RG supplies semi finished products as well as finished products to other companies in the sector thus reaching a respectable place at international arena making export to over 67 countries worldwide.<\/p>\n<\/div>\n<\/div>\n<\/div>\n<\/div>\n<p>[\/vc_column_text][vc_column_text css=&#8221;.vc_custom_1674554541777{margin-top: 10px !important;margin-bottom: 0px !important;}&#8221;]<img loading=\"lazy\" decoding=\"async\" class=\"alignnone size-full wp-image-6\" src=\"http:\/\/moonmore.com.tr\/wp-content\/uploads\/2022\/11\/cropped-ty4887-1.png\" alt=\"\" width=\"200\" height=\"63\" \/>[\/vc_column_text][\/vc_column][vc_column width=&#8221;1\/2&#8243;][qt_video embed_type=&#8221;image&#8221; video_url=&#8221;https:\/\/www.youtube.com\/watch?v=ezjxVh_Bfuo&amp;embeds_euri=http%3A%2F%2Frenksangroup.com%2F&amp;feature=emb_logo&#8221; css=&#8221;.vc_custom_1674564417401{margin-top: 13px !important;margin-bottom: 0px !important;}&#8221; preview_image=&#8221;13251&#8243;][\/vc_column][\/vc_row][vc_row css=&#8221;.vc_custom_1549033200916{margin-bottom: 50px !important;}&#8221;][vc_column css_animation=&#8221;fadeIn&#8221; width=&#8221;1\/3&#8243;][qt_iconbox iconbox_icon_symbol=&#8221;font-icon&#8221; iconbox_icon_position=&#8221;icon-left icon-float&#8221; iconbox_layout=&#8221;style-2&#8243; iconbox_wrap_border=&#8221;true&#8221; iconbox_icon=&#8221;fas fa-sync&#8221; iconbox_heading=&#8221;Specialized Company&#8221;]We are always with you with our sales experience and after-sales.[\/qt_iconbox][qt_iconbox iconbox_icon_symbol=&#8221;font-icon&#8221; iconbox_icon_position=&#8221;icon-left icon-float&#8221; iconbox_layout=&#8221;style-2&#8243; iconbox_wrap_border=&#8221;true&#8221; iconbox_icon=&#8221;far fa-calendar-alt&#8221; iconbox_heading=&#8221;Same Day Scheduling&#8221;]You can visit us at any time, see our production network.[\/qt_iconbox][\/vc_column][vc_column css_animation=&#8221;fadeIn&#8221; width=&#8221;1\/3&#8243;][qt_iconbox iconbox_icon_symbol=&#8221;font-icon&#8221; iconbox_icon_position=&#8221;icon-left icon-float&#8221; iconbox_layout=&#8221;style-2&#8243; iconbox_wrap_border=&#8221;true&#8221; iconbox_icon=&#8221;far fa-check-circle&#8221; iconbox_heading=&#8221;Licensed and Insured&#8221;]Our products have quality and chemical certificates.[\/qt_iconbox][qt_iconbox iconbox_icon_symbol=&#8221;font-icon&#8221; iconbox_icon_position=&#8221;icon-left icon-float&#8221; iconbox_layout=&#8221;style-2&#8243; iconbox_wrap_border=&#8221;true&#8221; iconbox_icon=&#8221;fas fa-comments&#8221; iconbox_heading=&#8221;Provide Consultations&#8221;]We give free consultations and provide you with a quote[\/qt_iconbox][\/vc_column][vc_column css_animation=&#8221;fadeIn&#8221; width=&#8221;1\/3&#8243;][qt_iconbox iconbox_icon_symbol=&#8221;font-icon&#8221; iconbox_icon_position=&#8221;icon-left icon-float&#8221; iconbox_layout=&#8221;style-2&#8243; iconbox_wrap_border=&#8221;true&#8221; iconbox_icon=&#8221;fas fa-tachometer-alt&#8221; iconbox_heading=&#8221;Dependable Services&#8221;]We love to be proud. Each job is completed on time and fast.[\/qt_iconbox][qt_iconbox iconbox_icon_symbol=&#8221;font-icon&#8221; iconbox_icon_position=&#8221;icon-left icon-float&#8221; iconbox_layout=&#8221;style-2&#8243; iconbox_wrap_border=&#8221;true&#8221; iconbox_icon=&#8221;fas fa-trophy&#8221; iconbox_heading=&#8221;Reputable Company&#8221;]Operating more than 48 years earning a reputation for service[\/qt_iconbox][\/vc_column][\/vc_row][vc_row full_width=&#8221;stretch_row&#8221; css=&#8221;.vc_custom_1674566409360{margin-bottom: 40px !important;padding-top: 30px !important;padding-bottom: 50px !important;background-image: url(http:\/\/moonmore.com.tr\/wp-content\/uploads\/2023\/01\/WhatsApp-Image-2023-01-24-at-15.48.21.jpeg?id=13257) !important;background-position: center !important;background-repeat: no-repeat !important;background-size: cover !important;}&#8221;][vc_column css_animation=&#8221;fadeInUp&#8221;][qt_animate_element css_animation=&#8221;bottom-to-top&#8221; animation_delay=&#8221;&#8221; animation_duration=&#8221;&#8221;][qt_custom_heading heading_tag=&#8221;h1&#8243; heading_alignment=&#8221;text-center&#8221; heading_main=&#8221;Looking for a our Company. We&#8217;re in business since 1975&#8243; heading_main_color=&#8221;#ffffff&#8221; css=&#8221;.vc_custom_1674566418325{margin-bottom: 20px !important;}&#8221; heading_main_size=&#8221;36&#8243; heading_top_color=&#8221;#0a0a0a&#8221;][\/qt_animate_element][\/vc_column][\/vc_row][vc_row full_width=&#8221;stretch_row&#8221; css_animation=&#8221;fadeIn&#8221; css=&#8221;.vc_custom_1674632032880{margin-bottom: 40px !important;padding-top: 75px !important;padding-bottom: 50px !important;background: #232f44 url(https:\/\/thekleaner.qreativethemes.com\/wp-content\/uploads\/sites\/4\/2018\/07\/world_dots.png?id=11474) !important;background-position: 0 0 !important;background-repeat: no-repeat !important;}&#8221;][vc_column css_animation=&#8221;bottom-to-top&#8221; width=&#8221;1\/3&#8243; css=&#8221;.vc_custom_1537526803492{padding-top: 0px !important;}&#8221;][qt_custom_heading heading_tag=&#8221;h2&#8243; heading_alignment=&#8221;text-left&#8221; heading_main=&#8221;Request Call Back&#8221; css=&#8221;.vc_custom_1551350428784{margin-top: 0px !important;margin-bottom: 15px !important;}&#8221; heading_main_color=&#8221;#ffffff&#8221; heading_top=&#8221;Discuss Details&#8221; heading_main_size=&#8221;38&#8243;][vc_column_text]<span style=\"color: #727f96;\">Enter your details in the form and your message will be dispatched directly to our staff who will get in touch with you as soon as they can<\/span>[\/vc_column_text][\/vc_column][vc_column css_animation=&#8221;bottom-to-top&#8221; width=&#8221;2\/3&#8243; css=&#8221;.vc_custom_1537526799937{padding-top: 0px !important;}&#8221;][vc_row_inner css=&#8221;.vc_custom_1476205739109{margin-bottom: 0px !important;}&#8221;][vc_column_inner width=&#8221;1\/2&#8243;][vc_column_text css=&#8221;.vc_custom_1533236417730{margin-bottom: 0px !important;}&#8221;]<\/p>\n<p class=\"white-text\" style=\"font-weight: 500;\">Please\u00a0enter your details:<\/p>\n<p>[\/vc_column_text][\/vc_column_inner][vc_column_inner width=&#8221;1\/2&#8243; offset=&#8221;vc_hidden-sm vc_hidden-xs&#8221;][vc_column_text css=&#8221;.vc_custom_1551800730737{margin-bottom: 0px !important;}&#8221; el_class=&#8221;vc_hidden-xs&#8221;]<\/p>\n<p class=\"white-text\" style=\"font-weight: 500;\">I would like to have a call to discuss:<\/p>\n<p>[\/vc_column_text][\/vc_column_inner][\/vc_row_inner][contact-form-7 404 \"Not Found\"][\/vc_column][\/vc_row][vc_row][vc_column][qt_custom_heading heading_tag=&#8221;h2&#8243; heading_alignment=&#8221;text-left&#8221; heading_main=&#8221;Latest News&#8221; css=&#8221;.vc_custom_1551701183012{margin-bottom: 25px !important;}&#8221; heading_top=&#8221;Insights &amp; Stories&#8221;][vc_row_inner][vc_column_inner width=&#8221;2\/3&#8243;][qt_latest_news type=&#8221;grid&#8221; columns=&#8221;2&#8243; category=&#8221;all_categories&#8221; layout_style=&#8221;layout-1&#8243; columns_tablet=&#8221;&#8221; columns_mobile=&#8221;&#8221; orderby=&#8221;orderby-date&#8221; order=&#8221;order-desc&#8221; hide_excerpt=&#8221;true&#8221; read_more=&#8221;Read More&#8221; sticky_text=&#8221;Sticky&#8221; items=&#8221;2&#8243;][\/vc_column_inner][vc_column_inner width=&#8221;1\/3&#8243;][qt_latest_news_list category=&#8221;all_categories&#8221; orderby=&#8221;orderby-date&#8221; order=&#8221;order-desc&#8221; hide_sticky=&#8221;true&#8221; sticky_text=&#8221;Sticky&#8221; offset=&#8221;2&#8243; items=&#8221;3&#8243;][\/vc_column_inner][\/vc_row_inner][\/vc_column][\/vc_row][vc_row full_width=&#8221;stretch_row&#8221; css_animation=&#8221;bottom-to-top&#8221; css=&#8221;.vc_custom_1547075394703{margin-bottom: 0px !important;padding-top: 15px !important;padding-bottom: 45px !important;}&#8221;][vc_column css_animation=&#8221;fadeInUpBig&#8221; css=&#8221;.vc_custom_1674632079078{padding-top: 30px !important;}&#8221;][qt_image_carousel columns=&#8221;7&#8243; arrows=&#8221;arrows-hide&#8221; slideby=&#8221;5&#8243; columns_tablet=&#8221;&#8221; columns_mobile=&#8221;&#8221; hover_effect=&#8221;true&#8221; infinite=&#8221;true&#8221; images=&#8221;13272,13273,13274,13275,13276,13277,13278&#8243;][\/vc_column][\/vc_row][vc_row][vc_column][qt_google_maps_iframe maps_address=&#8221;Mahmutbey G\u00f6ztepe Mah. Saray Sok. No: 16 Ba\u011fc\u0131lar \/ \u0130stanbul \/ T\u00fcrkiye&#8221; maps_zoom=&#8221;12&#8243; maps_width_unit=&#8221;percentage&#8221;][\/vc_column][\/vc_row]<\/p>\n<\/section>","protected":false},"excerpt":{"rendered":"<p>[vc_row full_width=&#8221;stretch_row_content_no_spaces&#8221; css_animation=&#8221;slideInUp&#8221;][vc_column][qt_slider slider_mouse_drag=&#8221;true&#8221; slider_animation=&#8221;horizontal&#8221; slider_autoplay=&#8221;true&#8221; slider_autoplay_hover=&#8221;true&#8221; slider_caption_animation=&#8221;true&#8221; slider_fixed_height=&#8221;&#8221; slider_caption_mobile=&#8221;&#8221; slider_featured_carousel=&#8221;hide&#8221; slider_captions=&#8221;yes&#8221; slider_overlay=&#8221;no&#8221; slider_img_size=&#8221;medium&#8221; css=&#8221;.vc_custom_1673955007454{background-image: url(http:\/\/moonmore.com.tr\/wp-content\/uploads\/2023\/01\/YUMUSATICI-scaled.jpg?id=13170) !important;}&#8221;][qt_slider_slide slide_button=&#8221;no&#8221; slide_caption_align=&#8221;left&#8221; slide_heading_tag=&#8221;h2&#8243; slide_image=&#8221;13174&#8243;][\/qt_slider_slide][qt_slider_slide slide_button=&#8221;no&#8221; slide_caption_align=&#8221;left&#8221; slide_heading_tag=&#8221;h2&#8243; slide_image=&#8221;13170&#8243;][\/qt_slider_slide][\/qt_slider][\/vc_column][\/vc_row][vc_row css_animation=&#8221;none&#8221; type=&#8221;container&#8221; padding_top=&#8221;&#8221; padding_bottom=&#8221;&#8221; css=&#8221;.vc_custom_1551797770065{margin-bottom: 35px !important;padding-top: 60px !important;}&#8221;][vc_column css_animation=&#8221;slideInLeft&#8221; width=&#8221;1\/4&#8243; css=&#8221;.vc_custom_1674631811454{padding-top: 0px !important;}&#8221;][qt_animate_element css_animation=&#8221;bottom-to-top&#8221; animation_delay=&#8221;delay-100&#8243; animation_duration=&#8221;&#8221;][qt_iconbox iconbox_icon_symbol=&#8221;font-icon&#8221; iconbox_icon_position=&#8221;icon-left icon-float icon-v-center&#8221; iconbox_layout=&#8221;style-1&#8243; iconbox_remove_hover_effects=&#8221;true&#8221; iconbox_enable_border_style=&#8221;true&#8221; iconbox_enable_hover_effect=&#8221;true&#8221; iconbox_heading=&#8221;Send a Message&#8221; iconbox_icon=&#8221;ti-email&#8221; iconbox_heading_margin_bottom=&#8221;10&#8243;]It&hellip;<\/p>\n","protected":false},"author":1,"featured_media":0,"parent":0,"menu_order":0,"comment_status":"closed","ping_status":"closed","template":"template-frontpage.php","meta":{"footnotes":""},"class_list":["post-40","page","type-page","status-publish","hentry"],"acf":[],"_links":{"self":[{"href":"http:\/\/moonmore.com.tr\/index.php\/wp-json\/wp\/v2\/pages\/40","targetHints":{"allow":["GET"]}}],"collection":[{"href":"http:\/\/moonmore.com.tr\/index.php\/wp-json\/wp\/v2\/pages"}],"about":[{"href":"http:\/\/moonmore.com.tr\/index.php\/wp-json\/wp\/v2\/types\/page"}],"author":[{"embeddable":true,"href":"http:\/\/moonmore.com.tr\/index.php\/wp-json\/wp\/v2\/users\/1"}],"replies":[{"embeddable":true,"href":"http:\/\/moonmore.com.tr\/index.php\/wp-json\/wp\/v2\/comments?post=40"}],"version-history":[{"count":58,"href":"http:\/\/moonmore.com.tr\/index.php\/wp-json\/wp\/v2\/pages\/40\/revisions"}],"predecessor-version":[{"id":13560,"href":"http:\/\/moonmore.com.tr\/index.php\/wp-json\/wp\/v2\/pages\/40\/revisions\/13560"}],"wp:attachment":[{"href":"http:\/\/moonmore.com.tr\/index.php\/wp-json\/wp\/v2\/media?parent=40"}],"curies":[{"name":"wp","href":"https:\/\/api.w.org\/{rel}","templated":true}]}}