{"id":796,"date":"2016-06-02T17:21:21","date_gmt":"2016-06-02T17:21:21","guid":{"rendered":"http:\/\/qt.dev\/dev\/thecleaner\/?page_id=796"},"modified":"2023-01-26T08:17:31","modified_gmt":"2023-01-26T08:17:31","slug":"air-freshener","status":"publish","type":"page","link":"http:\/\/moonmore.com.tr\/index.php\/products\/air-freshener\/","title":{"rendered":"Air Freshener"},"content":{"rendered":"<section class=\"wpb-content-wrapper\"><p>[vc_row css=&#8221;.vc_custom_1536592564918{margin-bottom: 30px !important;}&#8221;][vc_column width=&#8221;1\/2&#8243;][vc_column_text css_animation=&#8221;fadeInLeft&#8221; css=&#8221;.vc_custom_1674720360824{margin-top: -8px !important;margin-bottom: 30px !important;}&#8221;]<\/p>\n<h2>Moon Air Freshener<\/h2>\n<h5>Keep your skile with moon and fresh smells.<\/h5>\n<p>Our product moon A\u0131r fresh w\u0131th a safety \u0131ngredients : Available with differents smells.[\/vc_column_text][vc_column_text css_animation=&#8221;fadeInLeft&#8221;]<strong><span style=\"color: #ff964a;\">[icon type=&#8221;fas fa-check&#8221;]<\/span> <\/strong><span style=\"color: #000000;\"><strong>Ergonomic design and easy use<\/strong><\/span><\/p>\n<p><strong><span style=\"color: #ff964a;\">[icon type=&#8221;fas fa-check&#8221;]\u00a0<\/span> <span style=\"color: #000000;\">The persistent odor that traps polluted air<\/span><\/strong><\/p>\n<p><strong><span style=\"color: #ff964a;\">[icon type=&#8221;fas fa-check&#8221;] <span style=\"color: #000000;\">M<\/span><span style=\"color: #333333;\">ultiple uses (home, car, clothes)<\/span><\/span><\/strong><\/p>\n<p><strong><span style=\"color: #ff964a;\">[icon type=&#8221;fas fa-check&#8221;] <span style=\"color: #333333;\">Special design, different types of fragrances<\/span><\/span><\/strong><\/p>\n<p>Air fresheners are basically divided into two different types. Gas sprays in<\/p>\n<p>metal containers and liquid sprays in plastic cans are generally known to every consumer.<\/p>\n<p>Moon air freshener can be used for all kinds of areas and purposes, including your clothes, with its water-based technology that does not contain harmful chemicals. It does not mask bad odors like other spyers, it traps odors.[\/vc_column_text][\/vc_column][vc_column css_animation=&#8221;fadeInRight&#8221; width=&#8221;1\/2&#8243;][vc_images_carousel images=&#8221;13514&#8243; img_size=&#8221;500&#215;1000&#8243;][\/vc_column][\/vc_row][vc_row css=&#8221;.vc_custom_1536592566897{margin-bottom: 20px !important;}&#8221;][vc_column][vc_single_image image=&#8221;11870&#8243; css=&#8221;.vc_custom_1536181451988{margin-bottom: 0px !important;}&#8221;][\/vc_column][\/vc_row]<\/p>\n<\/section>","protected":false},"excerpt":{"rendered":"<p>\t\t\t\tOur industrial cleaning services are suited to any industrial premises, whether it\u2019s a factory, cement manufacturing or a pharmaceutical warehouse\t\t<\/p>\n","protected":false},"author":1,"featured_media":13468,"parent":794,"menu_order":0,"comment_status":"closed","ping_status":"closed","template":"","meta":{"footnotes":""},"class_list":["post-796","page","type-page","status-publish","has-post-thumbnail","hentry"],"acf":[],"_links":{"self":[{"href":"http:\/\/moonmore.com.tr\/index.php\/wp-json\/wp\/v2\/pages\/796","targetHints":{"allow":["GET"]}}],"collection":[{"href":"http:\/\/moonmore.com.tr\/index.php\/wp-json\/wp\/v2\/pages"}],"about":[{"href":"http:\/\/moonmore.com.tr\/index.php\/wp-json\/wp\/v2\/types\/page"}],"author":[{"embeddable":true,"href":"http:\/\/moonmore.com.tr\/index.php\/wp-json\/wp\/v2\/users\/1"}],"replies":[{"embeddable":true,"href":"http:\/\/moonmore.com.tr\/index.php\/wp-json\/wp\/v2\/comments?post=796"}],"version-history":[{"count":10,"href":"http:\/\/moonmore.com.tr\/index.php\/wp-json\/wp\/v2\/pages\/796\/revisions"}],"predecessor-version":[{"id":13521,"href":"http:\/\/moonmore.com.tr\/index.php\/wp-json\/wp\/v2\/pages\/796\/revisions\/13521"}],"up":[{"embeddable":true,"href":"http:\/\/moonmore.com.tr\/index.php\/wp-json\/wp\/v2\/pages\/794"}],"wp:featuredmedia":[{"embeddable":true,"href":"http:\/\/moonmore.com.tr\/index.php\/wp-json\/wp\/v2\/media\/13468"}],"wp:attachment":[{"href":"http:\/\/moonmore.com.tr\/index.php\/wp-json\/wp\/v2\/media?parent=796"}],"curies":[{"name":"wp","href":"https:\/\/api.w.org\/{rel}","templated":true}]}}