{"id":804,"date":"2016-06-02T17:23:30","date_gmt":"2016-06-02T17:23:30","guid":{"rendered":"http:\/\/qt.dev\/dev\/thecleaner\/?page_id=804"},"modified":"2023-01-26T09:09:21","modified_gmt":"2023-01-26T09:09:21","slug":"detergant-clothes","status":"publish","type":"page","link":"http:\/\/moonmore.com.tr\/index.php\/products\/detergant-clothes\/","title":{"rendered":"Detergent Clothes"},"content":{"rendered":"<section class=\"wpb-content-wrapper\"><p>[vc_row css=&#8221;.vc_custom_1536592365330{margin-bottom: 30px !important;}&#8221;][vc_column css_animation=&#8221;fadeInLeft&#8221; width=&#8221;1\/2&#8243;][vc_column_text css=&#8221;.vc_custom_1674724096899{margin-top: -8px !important;margin-bottom: 30px !important;}&#8221;]<\/p>\n<h2>Moon Detergant Clothes<\/h2>\n<p><span style=\"font-size: 18pt;\">Need an effective and eco-friendly way to get your laundry clean moon detergent is the best way. Our un\u0131que formula is made w\u0131th plan-bqsed \u0131ngredients, making it gentle on your clothes. While still providing a deep clean every time.<\/span>[\/vc_column_text][vc_separator color=&#8221;black&#8221;][vc_column_text]<span style=\"font-size: 14pt;\">Protects the color of the clothing thanks to its special chemistry component.<\/span><\/p>\n<p><span style=\"font-size: 14pt;\">Protects your clothes from wear.<\/span><\/p>\n<p><span style=\"font-size: 14pt;\">When you look good and smell good, you feel good. And it all starts with getting the best wash for your clothes.\u00a0 Removes tough stains by cleaning deep down into the fibres.<\/span>[\/vc_column_text][\/vc_column][vc_column width=&#8221;1\/2&#8243;][vc_images_carousel images=&#8221;13425,13424,13423&#8243; img_size=&#8221;450&#215;850&#8243; autoplay=&#8221;yes&#8221; css_animation=&#8221;fadeInUp&#8221;][\/vc_column][\/vc_row][vc_row][vc_column width=&#8221;1\/4&#8243;][vc_btn title=&#8221;Our Catalouge&#8221; css_animation=&#8221;fadeInUpBig&#8221; link=&#8221;url:http%3A%2F%2Fmoonmore.com.tr%2Fwp-content%2Fuploads%2F2023%2F01%2FRG-KATALOG-11092020-1.pdf|title:catalouge&#8221;][\/vc_column][\/vc_row][vc_row css_animation=&#8221;fadeInRight&#8221; css=&#8221;.vc_custom_1674654433375{margin-bottom: 30px !important;}&#8221;][vc_column css_animation=&#8221;fadeInLeft&#8221; width=&#8221;1\/2&#8243;][qt_before_after before_image=&#8221;13434&#8243; before_text_label=&#8221;Before&#8221; after_image=&#8221;13433&#8243; after_text_label=&#8221;After&#8221; css=&#8221;.vc_custom_1674651054091{margin-top: 6px !important;}&#8221; custom_image_size=&#8221;500&#215;595&#8243;][\/vc_column][vc_column width=&#8221;1\/2&#8243;][vc_column_text]<strong><span style=\"color: #ff964a;\"><span style=\"vertical-align: inherit;\"><span style=\"vertical-align: inherit;\"><span style=\"vertical-align: inherit;\"><span style=\"vertical-align: inherit;\">[icon type=&#8221;fas fa-check&#8221;]<\/span><\/span><\/span><\/span><\/span><span style=\"vertical-align: inherit;\"><span style=\"vertical-align: inherit;\"><span style=\"vertical-align: inherit;\"><span style=\"vertical-align: inherit;\">\u00a0 It does not harm the nature while washing your clothes.<\/span><\/span><\/span><\/span><\/strong><\/p>\n<p><strong><span style=\"color: #ff964a;\"><span style=\"vertical-align: inherit;\"><span style=\"vertical-align: inherit;\">[icon type=&#8221;fas fa-check&#8221;]\u00a0<\/span><\/span><\/span><span style=\"vertical-align: inherit;\"><span style=\"vertical-align: inherit;\"> It is economical thanks to its concentrated formula.<\/span><\/span><\/strong><br \/>\nIt is economical thanks to its concentrated formula. A single 5.2 kg bottle allows you to wash 33 times.<\/p>\n<p><strong><span style=\"color: #ff964a;\"><span style=\"vertical-align: inherit;\">[icon type=&#8221;fas fa-check&#8221;] <\/span><\/span>Super decontamination ability <\/strong>Especially suitable for washing white clothes, making white clothes more white<\/p>\n<p><strong><span style=\"color: #ff964a;\"><span style=\"vertical-align: inherit;\">[icon type=&#8221;fas fa-check&#8221;] <\/span><\/span><span style=\"vertical-align: inherit;\">Dissolve quickly <\/span><\/strong>No matter cold or hot water, it can<\/p>\n<p><strong><span style=\"color: #ff964a;\"><span style=\"vertical-align: inherit;\">[icon type=&#8221;fas fa-check&#8221;] <\/span><\/span><span style=\"vertical-align: inherit;\">Does not hurt clothing<\/span><\/strong>\u00a0No phosphorus and no toxicity, from washing to drying, will not cause damage to clothing<\/p>\n<p><strong><span style=\"color: #ff964a;\"><span style=\"vertical-align: inherit;\">[icon type=&#8221;fas fa-check&#8221;] <\/span><\/span><span style=\"vertical-align: inherit;\">No need to scrub<\/span><\/strong>\u00a0Quickly dissolves, the foam is rich and delicate, can penetrate from the inside to remove the color,[\/vc_column_text][\/vc_column][\/vc_row][vc_row css_animation=&#8221;fadeIn&#8221; css=&#8221;.vc_custom_1674654444550{margin-bottom: 20px !important;}&#8221;][vc_column][vc_single_image image=&#8221;13211&#8243; css=&#8221;.vc_custom_1674551826639{margin-bottom: 0px !important;}&#8221;][\/vc_column][\/vc_row]<\/p>\n<\/section>","protected":false},"excerpt":{"rendered":"<p>\t\t\t\tIf you&#8217;ve just finished construction work, let us get rid of the dirt and grime to make your development presentable and attractive\t\t<\/p>\n","protected":false},"author":1,"featured_media":13189,"parent":794,"menu_order":0,"comment_status":"closed","ping_status":"closed","template":"","meta":{"footnotes":""},"class_list":["post-804","page","type-page","status-publish","has-post-thumbnail","hentry"],"acf":[],"_links":{"self":[{"href":"http:\/\/moonmore.com.tr\/index.php\/wp-json\/wp\/v2\/pages\/804","targetHints":{"allow":["GET"]}}],"collection":[{"href":"http:\/\/moonmore.com.tr\/index.php\/wp-json\/wp\/v2\/pages"}],"about":[{"href":"http:\/\/moonmore.com.tr\/index.php\/wp-json\/wp\/v2\/types\/page"}],"author":[{"embeddable":true,"href":"http:\/\/moonmore.com.tr\/index.php\/wp-json\/wp\/v2\/users\/1"}],"replies":[{"embeddable":true,"href":"http:\/\/moonmore.com.tr\/index.php\/wp-json\/wp\/v2\/comments?post=804"}],"version-history":[{"count":26,"href":"http:\/\/moonmore.com.tr\/index.php\/wp-json\/wp\/v2\/pages\/804\/revisions"}],"predecessor-version":[{"id":13538,"href":"http:\/\/moonmore.com.tr\/index.php\/wp-json\/wp\/v2\/pages\/804\/revisions\/13538"}],"up":[{"embeddable":true,"href":"http:\/\/moonmore.com.tr\/index.php\/wp-json\/wp\/v2\/pages\/794"}],"wp:featuredmedia":[{"embeddable":true,"href":"http:\/\/moonmore.com.tr\/index.php\/wp-json\/wp\/v2\/media\/13189"}],"wp:attachment":[{"href":"http:\/\/moonmore.com.tr\/index.php\/wp-json\/wp\/v2\/media?parent=804"}],"curies":[{"name":"wp","href":"https:\/\/api.w.org\/{rel}","templated":true}]}}