{"id":891,"date":"2016-06-06T16:08:04","date_gmt":"2016-06-06T16:08:04","guid":{"rendered":"http:\/\/qt.dev\/dev\/thecleaner\/?page_id=891"},"modified":"2023-01-26T10:02:59","modified_gmt":"2023-01-26T10:02:59","slug":"contact-us","status":"publish","type":"page","link":"http:\/\/moonmore.com.tr\/index.php\/contact-us\/","title":{"rendered":"Contact Us"},"content":{"rendered":"<section class=\"wpb-content-wrapper\"><p>&nbsp;<\/p>\n<p>[vc_row equal_height=&#8221;yes&#8221; css=&#8221;.vc_custom_1674659511259{background-image: url(http:\/\/moonmore.com.tr\/wp-content\/uploads\/2023\/01\/background.png?id=13313) !important;}&#8221;][vc_column css_animation=&#8221;fadeIn&#8221; width=&#8221;1\/3&#8243;][vc_column_text]<span style=\"color: #ffffff;\"><strong>Call Us<\/strong><\/span><\/p>\n<ul>\n<li><span style=\"color: #ffffff;\">Tel:+90 212 445 34 10<\/span><\/li>\n<li><span style=\"color: #ffffff;\"><i class=\"fa fa-fax\"><\/i>+90 212 445 19 93<\/span><\/li>\n<\/ul>\n<p>[\/vc_column_text][vc_separator color=&#8221;black&#8221;][vc_column_text]<\/p>\n<h6 class=\"info-title\"><span style=\"font-size: 12pt; color: #ffffff;\">FACTORY 1<\/span><\/h6>\n<div class=\"info-content\">\n<p><span style=\"color: #ffffff;\">Hicret Mah. Abdullah G\u00fcl Cad. No: 41 Bolluca<\/span><br \/>\n<span style=\"color: #ffffff;\">Arnavutk\u00f6y \/ \u0130stanbul \/ T\u00fcrkiye<\/span><\/p>\n<\/div>\n<p>[\/vc_column_text][vc_separator color=&#8221;black&#8221;][vc_column_text]<\/p>\n<h6 class=\"info-title\"><span style=\"font-size: 12pt; color: #ffffff;\">FACTORY 4<\/span><\/h6>\n<div class=\"info-content\">\n<p><span style=\"color: #ffffff;\">K\u00fc\u00e7\u00fckkar\u0131\u015ft\u0131ran, Unnamed Road, 39750, B\u00fcy\u00fckkar\u0131\u015ft\u0131ran\/L\u00fcleburgaz\/K\u0131rklareli<\/span><\/p>\n<\/div>\n<p>[\/vc_column_text][\/vc_column][vc_column css_animation=&#8221;fadeIn&#8221; width=&#8221;1\/3&#8243;][vc_column_text]<\/p>\n<h6 class=\"info-title\"><span style=\"font-size: 12pt; color: #ffffff;\">E &#8211; Mail<\/span><\/h6>\n<ul>\n<li><span style=\"color: #ffffff;\">For detailed information about products.<\/span><\/li>\n<li><a href=\"mailto:info@renksangroup.com\">info@renksangroup.com<\/a><\/li>\n<\/ul>\n<p>[\/vc_column_text][vc_separator color=&#8221;black&#8221;][vc_column_text]<\/p>\n<h6 class=\"info-title\"><span style=\"font-size: 12pt; color: #ffffff;\">FACTORY 2<\/span><\/h6>\n<div class=\"info-content\">\n<p><span style=\"color: #ffffff;\">Velik\u00f6y Mah. 17. Caddesi N0: 24 Velik\u00f6y Org. San. B\u00f6l.<\/span><br \/>\n<span style=\"color: #ffffff;\">\u00c7erkezk\u00f6y \/ \u0130stanbul \/ T\u00fcrkiye<\/span><\/p>\n<\/div>\n<p>[\/vc_column_text][vc_separator color=&#8221;black&#8221;][vc_column_text]<\/p>\n<h6 class=\"info-title\"><span style=\"font-size: 12pt; color: #ffffff;\">Middle East office<\/span><\/h6>\n<div class=\"info-content\">\n<p><span style=\"color: #ffffff;\">Office No. 307 Dar Alwahida Bld Abu Hail \u2013 Dubai &#8211; UAE<\/span><\/p>\n<\/div>\n<p>[\/vc_column_text][\/vc_column][vc_column css_animation=&#8221;fadeIn&#8221; width=&#8221;1\/3&#8243;][vc_column_text]<\/p>\n<h6 class=\"info-title\"><span style=\"font-size: 12pt; color: #ffffff;\">HEAD OFFICE<\/span><\/h6>\n<div class=\"info-content\">\n<p><span style=\"color: #ffffff;\">Mahmutbey G\u00f6ztepe Mah. Saray Sok. No: 16<\/span><br \/>\n<span style=\"color: #ffffff;\">Ba\u011fc\u0131lar \/ \u0130stanbul \/ T\u00fcrkiye<\/span><\/p>\n<\/div>\n<p>[\/vc_column_text][vc_separator color=&#8221;black&#8221;][vc_column_text]<\/p>\n<h6 class=\"info-title\"><span style=\"font-size: 12pt; color: #ffffff;\">FACTORY 3<\/span><\/h6>\n<div class=\"info-content\">\n<p><span style=\"color: #ffffff;\">Yunus Emre Cad. No: 27 Bolluca \/ \u0130STANBUL \/ T\u00dcRK\u0130YE<\/span><\/p>\n<\/div>\n<p>[\/vc_column_text][vc_separator color=&#8221;black&#8221;][vc_column_text]<\/p>\n<h6 class=\"info-title\"><span style=\"font-size: 12pt; color: #ffffff;\">Balkan Office<\/span><\/h6>\n<div class=\"info-content\">\n<p><span style=\"color: #ffffff;\">Ras\u0131nsk\u0131h Bombasa 8\/19 37000\u00a0 \u00a0 Krusevac, Serbia<\/span><\/p>\n<\/div>\n<p>[\/vc_column_text][\/vc_column][\/vc_row]<\/p>\n<p>&nbsp;<\/p>\n\n<div class=\"wpcf7 no-js\" id=\"wpcf7-f13561-o1\" lang=\"en-US\" dir=\"ltr\">\n<div class=\"screen-reader-response\"><p role=\"status\" aria-live=\"polite\" aria-atomic=\"true\"><\/p> <ul><\/ul><\/div>\n<form action=\"\/index.php\/wp-json\/wp\/v2\/pages\/891#wpcf7-f13561-o1\" method=\"post\" class=\"wpcf7-form init\" aria-label=\"Contact form\" novalidate=\"novalidate\" data-status=\"init\">\n<div style=\"display: none;\">\n<input type=\"hidden\" name=\"_wpcf7\" value=\"13561\" \/>\n<input type=\"hidden\" name=\"_wpcf7_version\" value=\"5.7.3\" \/>\n<input type=\"hidden\" name=\"_wpcf7_locale\" value=\"en_US\" \/>\n<input type=\"hidden\" name=\"_wpcf7_unit_tag\" value=\"wpcf7-f13561-o1\" \/>\n<input type=\"hidden\" name=\"_wpcf7_container_post\" value=\"0\" \/>\n<input type=\"hidden\" name=\"_wpcf7_posted_data_hash\" value=\"\" \/>\n<\/div>\n<p><label> Your name<br \/>\n<span class=\"wpcf7-form-control-wrap\" data-name=\"your-name\"><input size=\"40\" class=\"wpcf7-form-control wpcf7-text wpcf7-validates-as-required\" autocomplete=\"name\" aria-required=\"true\" aria-invalid=\"false\" value=\"\" type=\"text\" name=\"your-name\" \/><\/span> <\/label>\n<\/p>\n<p><label> Your email<br \/>\n<span class=\"wpcf7-form-control-wrap\" data-name=\"your-email\"><input size=\"40\" class=\"wpcf7-form-control wpcf7-text wpcf7-email wpcf7-validates-as-required wpcf7-validates-as-email\" autocomplete=\"email\" aria-required=\"true\" aria-invalid=\"false\" value=\"\" type=\"email\" name=\"your-email\" \/><\/span> <\/label>\n<\/p>\n<p><label> Subject<br \/>\n<span class=\"wpcf7-form-control-wrap\" data-name=\"your-subject\"><input size=\"40\" class=\"wpcf7-form-control wpcf7-text wpcf7-validates-as-required\" aria-required=\"true\" aria-invalid=\"false\" value=\"\" type=\"text\" name=\"your-subject\" \/><\/span> <\/label>\n<\/p>\n<p><label> Your message (optional)<br \/>\n<span class=\"wpcf7-form-control-wrap\" data-name=\"your-message\"><textarea cols=\"40\" rows=\"10\" class=\"wpcf7-form-control wpcf7-textarea\" aria-invalid=\"false\" name=\"your-message\"><\/textarea><\/span> <\/label>\n<\/p>\n<p><input class=\"wpcf7-form-control has-spinner wpcf7-submit\" type=\"submit\" value=\"Submit\" \/>\n<\/p><div class=\"wpcf7-response-output\" aria-hidden=\"true\"><\/div>\n<\/form>\n<\/div>\n\n<\/section>","protected":false},"excerpt":{"rendered":"<p>&nbsp; [vc_row equal_height=&#8221;yes&#8221; css=&#8221;.vc_custom_1674659511259{background-image: url(http:\/\/moonmore.com.tr\/wp-content\/uploads\/2023\/01\/background.png?id=13313) !important;}&#8221;][vc_column css_animation=&#8221;fadeIn&#8221; width=&#8221;1\/3&#8243;][vc_column_text]Call Us Tel:+90 212 445 34 10 +90 212 445 19 93 [\/vc_column_text][vc_separator color=&#8221;black&#8221;][vc_column_text] FACTORY 1 Hicret Mah. Abdullah G\u00fcl Cad. No: 41 Bolluca Arnavutk\u00f6y \/ \u0130stanbul \/ T\u00fcrkiye [\/vc_column_text][vc_separator color=&#8221;black&#8221;][vc_column_text] FACTORY 4 K\u00fc\u00e7\u00fckkar\u0131\u015ft\u0131ran, Unnamed Road, 39750, B\u00fcy\u00fckkar\u0131\u015ft\u0131ran\/L\u00fcleburgaz\/K\u0131rklareli [\/vc_column_text][\/vc_column][vc_column css_animation=&#8221;fadeIn&#8221; width=&#8221;1\/3&#8243;][vc_column_text] E &#8211; Mail For detailed information about&hellip;<\/p>\n","protected":false},"author":1,"featured_media":0,"parent":0,"menu_order":0,"comment_status":"closed","ping_status":"closed","template":"","meta":{"footnotes":""},"class_list":["post-891","page","type-page","status-publish","hentry"],"acf":[],"_links":{"self":[{"href":"http:\/\/moonmore.com.tr\/index.php\/wp-json\/wp\/v2\/pages\/891","targetHints":{"allow":["GET"]}}],"collection":[{"href":"http:\/\/moonmore.com.tr\/index.php\/wp-json\/wp\/v2\/pages"}],"about":[{"href":"http:\/\/moonmore.com.tr\/index.php\/wp-json\/wp\/v2\/types\/page"}],"author":[{"embeddable":true,"href":"http:\/\/moonmore.com.tr\/index.php\/wp-json\/wp\/v2\/users\/1"}],"replies":[{"embeddable":true,"href":"http:\/\/moonmore.com.tr\/index.php\/wp-json\/wp\/v2\/comments?post=891"}],"version-history":[{"count":14,"href":"http:\/\/moonmore.com.tr\/index.php\/wp-json\/wp\/v2\/pages\/891\/revisions"}],"predecessor-version":[{"id":13562,"href":"http:\/\/moonmore.com.tr\/index.php\/wp-json\/wp\/v2\/pages\/891\/revisions\/13562"}],"wp:attachment":[{"href":"http:\/\/moonmore.com.tr\/index.php\/wp-json\/wp\/v2\/media?parent=891"}],"curies":[{"name":"wp","href":"https:\/\/api.w.org\/{rel}","templated":true}]}}